{"id":57,"date":"2024-03-12T09:41:19","date_gmt":"2024-03-12T08:41:19","guid":{"rendered":"https:\/\/dev-pq.de\/primonoenergie\/?page_id=57"},"modified":"2024-08-19T12:27:15","modified_gmt":"2024-08-19T10:27:15","slug":"startseite","status":"publish","type":"page","link":"https:\/\/primono-batiment.fr\/fr\/","title":{"rendered":"Page d'accueil"},"content":{"rendered":"<div id=\"cs-content\" class=\"cs-content\"><\/div>","protected":false},"excerpt":{"rendered":"<p>Primono\u00aeBATIMENTNOUS R\u00c9ALISONS VOTRE PROJET DE MANI\u00c8RE DURABLE ET FUTURETPRIMONO\u00ae BATIMENTNous sommes l'entreprise g\u00e9n\u00e9rale, le bureau de gestion de la construction et le bureau de surveillance des travaux \u00e0 vos c\u00f4t\u00e9s dans toute l'Allemagne, ce qui signifie que vous pouvez vous d\u00e9tendre et avoir confiance dans le fait que votre projet immobilier est entre de bonnes mains. Qu'il s'agisse d'un immeuble r\u00e9sidentiel ou commercial, d'une construction neuve ou existante, nous coordonnons tous les corps de m\u00e9tier pour vous dans toute l'Allemagne en tant qu'entreprise g\u00e9n\u00e9rale, bureau de gestion de la construction et superviseur de chantier. C'est un service complet ...<\/p>","protected":false},"author":1,"featured_media":0,"parent":0,"menu_order":0,"comment_status":"closed","ping_status":"closed","template":"template-blank-4.php","meta":{"footnotes":""},"class_list":["post-57","page","type-page","status-publish","hentry","no-post-thumbnail"],"_links":{"self":[{"href":"https:\/\/primono-batiment.fr\/fr\/wp-json\/wp\/v2\/pages\/57","targetHints":{"allow":["GET"]}}],"collection":[{"href":"https:\/\/primono-batiment.fr\/fr\/wp-json\/wp\/v2\/pages"}],"about":[{"href":"https:\/\/primono-batiment.fr\/fr\/wp-json\/wp\/v2\/types\/page"}],"author":[{"embeddable":true,"href":"https:\/\/primono-batiment.fr\/fr\/wp-json\/wp\/v2\/users\/1"}],"replies":[{"embeddable":true,"href":"https:\/\/primono-batiment.fr\/fr\/wp-json\/wp\/v2\/comments?post=57"}],"version-history":[{"count":32,"href":"https:\/\/primono-batiment.fr\/fr\/wp-json\/wp\/v2\/pages\/57\/revisions"}],"predecessor-version":[{"id":428,"href":"https:\/\/primono-batiment.fr\/fr\/wp-json\/wp\/v2\/pages\/57\/revisions\/428"}],"wp:attachment":[{"href":"https:\/\/primono-batiment.fr\/fr\/wp-json\/wp\/v2\/media?parent=57"}],"curies":[{"name":"wp","href":"https:\/\/api.w.org\/{rel}","templated":true}]}}