{"id":51,"date":"2024-03-12T09:03:07","date_gmt":"2024-03-12T08:03:07","guid":{"rendered":"https:\/\/dev-pq.de\/primonoenergie\/?page_id=51"},"modified":"2024-07-18T11:03:10","modified_gmt":"2024-07-18T09:03:10","slug":"kontakt","status":"publish","type":"page","link":"https:\/\/primono-batiment.fr\/fr\/kontakt\/","title":{"rendered":"Contact"},"content":{"rendered":"<div id=\"cs-content\" class=\"cs-content\"><\/div>","protected":false},"excerpt":{"rendered":"<p>N'h\u00e9sitez pas \u00e0 nous contacter ! Nous r\u00e9pondrons volontiers \u00e0 vos questions et serons \u00e0 vos c\u00f4t\u00e9s pour vous conseiller et vous aider.contactLaissez-nous nous atteler \u00e0 la r\u00e9alisation de votre projet. Nous r\u00e9pondons volontiers \u00e0 toutes vos questions concernant notre engagement. Remplissez simplement le formulaire ci-dessous et nous vous contacterons dans les plus brefs d\u00e9lais. Nom Adresse e-mail Num\u00e9ro de t\u00e9l\u00e9phone Message Veuillez laisser ce champ ...<\/p>","protected":false},"author":1,"featured_media":0,"parent":0,"menu_order":0,"comment_status":"closed","ping_status":"closed","template":"template-blank-4.php","meta":{"footnotes":""},"class_list":["post-51","page","type-page","status-publish","hentry","no-post-thumbnail"],"_links":{"self":[{"href":"https:\/\/primono-batiment.fr\/fr\/wp-json\/wp\/v2\/pages\/51","targetHints":{"allow":["GET"]}}],"collection":[{"href":"https:\/\/primono-batiment.fr\/fr\/wp-json\/wp\/v2\/pages"}],"about":[{"href":"https:\/\/primono-batiment.fr\/fr\/wp-json\/wp\/v2\/types\/page"}],"author":[{"embeddable":true,"href":"https:\/\/primono-batiment.fr\/fr\/wp-json\/wp\/v2\/users\/1"}],"replies":[{"embeddable":true,"href":"https:\/\/primono-batiment.fr\/fr\/wp-json\/wp\/v2\/comments?post=51"}],"version-history":[{"count":5,"href":"https:\/\/primono-batiment.fr\/fr\/wp-json\/wp\/v2\/pages\/51\/revisions"}],"predecessor-version":[{"id":390,"href":"https:\/\/primono-batiment.fr\/fr\/wp-json\/wp\/v2\/pages\/51\/revisions\/390"}],"wp:attachment":[{"href":"https:\/\/primono-batiment.fr\/fr\/wp-json\/wp\/v2\/media?parent=51"}],"curies":[{"name":"wp","href":"https:\/\/api.w.org\/{rel}","templated":true}]}}