{"id":49,"date":"2024-03-12T09:02:47","date_gmt":"2024-03-12T08:02:47","guid":{"rendered":"https:\/\/dev-pq.de\/primonoenergie\/?page_id=49"},"modified":"2024-08-16T09:16:06","modified_gmt":"2024-08-16T07:16:06","slug":"unternehmen","status":"publish","type":"page","link":"https:\/\/primono-batiment.fr\/fr\/unternehmen\/","title":{"rendered":"Entreprise"},"content":{"rendered":"<div id=\"cs-content\" class=\"cs-content\"><\/div>","protected":false},"excerpt":{"rendered":"<p>ENTREPRISEPRIMONO\u00ae BATIMENTPRIMONO\u00aePRIMONO\u00ae - C'EST POUR LE DURABLE, L'INNOVATION ET LA DIGITALISATION Primono Batiment S.A.R.L. est une entreprise de construction innovante avec plus de 23 ans d'exp\u00e9rience dans le secteur de la construction. Le management et les entreprises PRIMONO\u00ae misent sur des m\u00e9thodes de construction durables, num\u00e9ris\u00e9es et respectueuses de l'environnement, certifi\u00e9es entre autres selon les normes DGNB Gold. Avec des m\u00e9thodes telles que la mod\u00e9lisation des informations du b\u00e2timent (BIM) et une orientation vers les Objectifs de d\u00e9veloppement durable (SDG) ...<\/p>","protected":false},"author":1,"featured_media":0,"parent":0,"menu_order":0,"comment_status":"closed","ping_status":"closed","template":"template-blank-4.php","meta":{"footnotes":""},"class_list":["post-49","page","type-page","status-publish","hentry","no-post-thumbnail"],"_links":{"self":[{"href":"https:\/\/primono-batiment.fr\/fr\/wp-json\/wp\/v2\/pages\/49","targetHints":{"allow":["GET"]}}],"collection":[{"href":"https:\/\/primono-batiment.fr\/fr\/wp-json\/wp\/v2\/pages"}],"about":[{"href":"https:\/\/primono-batiment.fr\/fr\/wp-json\/wp\/v2\/types\/page"}],"author":[{"embeddable":true,"href":"https:\/\/primono-batiment.fr\/fr\/wp-json\/wp\/v2\/users\/1"}],"replies":[{"embeddable":true,"href":"https:\/\/primono-batiment.fr\/fr\/wp-json\/wp\/v2\/comments?post=49"}],"version-history":[{"count":13,"href":"https:\/\/primono-batiment.fr\/fr\/wp-json\/wp\/v2\/pages\/49\/revisions"}],"predecessor-version":[{"id":430,"href":"https:\/\/primono-batiment.fr\/fr\/wp-json\/wp\/v2\/pages\/49\/revisions\/430"}],"wp:attachment":[{"href":"https:\/\/primono-batiment.fr\/fr\/wp-json\/wp\/v2\/media?parent=49"}],"curies":[{"name":"wp","href":"https:\/\/api.w.org\/{rel}","templated":true}]}}