{"id":3,"date":"2024-03-07T09:24:29","date_gmt":"2024-03-07T08:24:29","guid":{"rendered":"https:\/\/dev-pq.de\/primonoenergie\/?page_id=3"},"modified":"2024-09-11T08:50:51","modified_gmt":"2024-09-11T06:50:51","slug":"datenschutzerklaerung","status":"publish","type":"page","link":"https:\/\/primono-batiment.fr\/fr\/datenschutzerklaerung\/","title":{"rendered":"D\u00e9claration de confidentialit\u00e9"},"content":{"rendered":"<div id=\"cs-content\" class=\"cs-content\"><\/div>","protected":false},"excerpt":{"rendered":"<p>D\u00c9CLARATION DE PROTECTION DES DONN\u00c9ES1. Protection des donn\u00e9es en un coup d'\u0153il Remarques g\u00e9n\u00e9ralesLes remarques suivantes donnent un aper\u00e7u simple de ce qui se passe avec vos donn\u00e9es personnelles lorsque vous visitez notre site web. Les donn\u00e9es personnelles sont toutes les donn\u00e9es qui permettent de vous identifier personnellement. Vous trouverez des informations d\u00e9taill\u00e9es sur le th\u00e8me de la protection des donn\u00e9es dans notre d\u00e9claration de protection des donn\u00e9es figurant sous ce texte. Collecte des donn\u00e9es sur notre site web Qui est responsable de la collecte des donn\u00e9es ...<\/p>","protected":false},"author":1,"featured_media":0,"parent":0,"menu_order":0,"comment_status":"closed","ping_status":"open","template":"template-blank-4.php","meta":{"footnotes":""},"class_list":["post-3","page","type-page","status-publish","hentry","no-post-thumbnail"],"_links":{"self":[{"href":"https:\/\/primono-batiment.fr\/fr\/wp-json\/wp\/v2\/pages\/3","targetHints":{"allow":["GET"]}}],"collection":[{"href":"https:\/\/primono-batiment.fr\/fr\/wp-json\/wp\/v2\/pages"}],"about":[{"href":"https:\/\/primono-batiment.fr\/fr\/wp-json\/wp\/v2\/types\/page"}],"author":[{"embeddable":true,"href":"https:\/\/primono-batiment.fr\/fr\/wp-json\/wp\/v2\/users\/1"}],"replies":[{"embeddable":true,"href":"https:\/\/primono-batiment.fr\/fr\/wp-json\/wp\/v2\/comments?post=3"}],"version-history":[{"count":8,"href":"https:\/\/primono-batiment.fr\/fr\/wp-json\/wp\/v2\/pages\/3\/revisions"}],"predecessor-version":[{"id":446,"href":"https:\/\/primono-batiment.fr\/fr\/wp-json\/wp\/v2\/pages\/3\/revisions\/446"}],"wp:attachment":[{"href":"https:\/\/primono-batiment.fr\/fr\/wp-json\/wp\/v2\/media?parent=3"}],"curies":[{"name":"wp","href":"https:\/\/api.w.org\/{rel}","templated":true}]}}